{"id":2106,"date":"2020-09-04T13:38:54","date_gmt":"2020-09-04T13:38:54","guid":{"rendered":"https:\/\/www.ovillo.es\/?page_id=2106"},"modified":"2024-11-21T10:29:23","modified_gmt":"2024-11-21T10:29:23","slug":"sostenibilidad-2","status":"publish","type":"page","link":"https:\/\/www.ovillo.es\/index.php\/sostenibilidad-2\/","title":{"rendered":"Sostenibilidad"},"content":{"rendered":"<div class=\"wpb-content-wrapper\"><p>[vc_row css=\u00bb.vc_custom_1599238950162{margin-top: 100px !important;margin-bottom: 100px !important;}\u00bb][vc_column width=\u00bb1\/2&#8243;][vc_column_text css=\u00bb\u00bb]<\/p>\n<p style=\"text-align: left;\"><span style=\"color: #ffffff;\">..<\/span><\/p>\n<p style=\"text-align: left;\"><span style=\"color: #ffffff;\">..<\/span><\/p>\n<p style=\"text-align: left;\"><span style=\"color: #ffffff;\">..<\/span><\/p>\n<p>[\/vc_column_text][vc_single_image image=\u00bb2117&#8243; img_size=\u00bbfull\u00bb alignment=\u00bbcenter\u00bb style=\u00bbvc_box_shadow_3d\u00bb onclick=\u00bbzoom\u00bb css_animation=\u00bbfadeIn\u00bb][vc_single_image image=\u00bb2111&#8243; img_size=\u00bblarge\u00bb add_caption=\u00bbyes\u00bb alignment=\u00bbcenter\u00bb style=\u00bbvc_box_shadow_3d\u00bb onclick=\u00bbcustom_link\u00bb img_link_target=\u00bb_blank\u00bb css_animation=\u00bbfadeIn\u00bb link=\u00bbhttps:\/\/www.expansion.com\/fueradeserie\/gastro\/2020\/02\/05\/5e2eeebc468aeb2c668b4588.html\u00bb][vc_single_image image=\u00bb2112&#8243; img_size=\u00bblarge\u00bb add_caption=\u00bbyes\u00bb alignment=\u00bbcenter\u00bb style=\u00bbvc_box_shadow_3d\u00bb onclick=\u00bbcustom_link\u00bb img_link_target=\u00bb_blank\u00bb css_animation=\u00bbfadeIn\u00bb link=\u00bbhttps:\/\/www.alimente.elconfidencial.com\/gastronomia-y-cocina\/2020-02-14\/ovillo-restaurante-en-madrid_2454727\/\u00bb][\/vc_column][vc_column width=\u00bb1\/2&#8243;][vc_single_image image=\u00bb2104&#8243; alignment=\u00bbcenter\u00bb css=\u00bb\u00bb][vc_column_text css=\u00bb\u00bb]<span style=\"color: #ffffff;\">..<\/span>[\/vc_column_text][vc_column_text css=\u00bb\u00bb]Nos gusta pensar que este espacio es m\u00e1s que un restaurante y que las personas que nos eleg\u00eds lo hac\u00e9is no solo por nuestra gastronom\u00eda y bodega, sino que est\u00e1is, como nosotros, concienciados con otros aspectos importantes de la vida.<\/p>\n<p>Mi implicaci\u00f3n en el programa \u00abCocina Conciencia\u00bb se remonta a 2010 y al abrir Ovillo quer\u00eda que su presencia en este proyecto de Fundaci\u00f3n Ra\u00edces, cuyo objetivo es la incorporaci\u00f3n laboral y social de j\u00f3venes espa\u00f1oles y extranjeros de 16 a 25 a\u00f1os sin referentes adultos en Espa\u00f1a, fuera mayor.\u00a0 Gran parte parte del equipo de cocina y sala est\u00e1 formado por j\u00f3venes a los que se les ha ofrecido una oportunidad de vida, ense\u00f1\u00e1ndoles un oficio y que est\u00e1n remunerados en contratos indefinidos. Desde mayo de 2021, adem\u00e1s, en las instalaciones paralelas del restaurante se desarrolla, todas las ma\u00f1anas, la actividad de la Escuela Cocina Conciencia que prepara cada a\u00f1o a 54 j\u00f3venes, form\u00e1ndoles para que despeguen preparados para un futuro en la hosteler\u00eda.<\/p>\n<p>Pero nuestro compromiso con la sostenibilidad no es solo social y es que este proyecto se dise\u00f1\u00f3 para ser lo m\u00e1s respetuoso posible con el medioambiente. Por eso recogemos el agua de lluvia para regar todas las plantas que ves a tu alrededor y que nos hacen respirar un aire m\u00e1s saludable aqu\u00ed dentro. Tambi\u00e9n elegimos la iluminaci\u00f3n natural, la mayor parte del d\u00eda, a trav\u00e9s de la orientaci\u00f3n de las ventanas. En nuestra cocina usamos para la limpieza de los utensilios una m\u00e1quina, <em>speak tank<\/em>, que reduce el consumo de agua, jabones y l\u00edquidos y las superficies las limpiamos \u00fanicamente con agua ionizada. Tambi\u00e9n, porque cuando pidas la cuenta, te vamos a entregar una peque\u00f1a bolsa con compost que proviene de la compostadora en la que introducimos todos los desechos org\u00e1nicos de nuestra cocina. En esa bolsa vas a ver un c\u00f3digo QR que te va a llevar a toda la informaci\u00f3n de Ovillo <strong>SOS<\/strong>tenible que tambi\u00e9n puedes consultar<a href=\"https:\/\/www.ovillo.es\/wp-content\/uploads\/2024\/11\/sostenibilidad-ovillo.pdf\" target=\"_blank\" rel=\"noopener\"><strong> aqu\u00ed<\/strong><\/a><\/p>\n<p>Ovillo es mi primer proyecto personal, en el que presento mi l\u00ednea de vida gastron\u00f3mica, tirando del hilo de mi formaci\u00f3n en cocina cl\u00e1sica en Suiza y Par\u00eds y tambi\u00e9n de mi experiencia en otras cocinas del mundo como la tailandesa. Pero, sobre todo, en esta carta, despu\u00e9s de esta primera p\u00e1gina, vas a encontrar mi personal propuesta de cocina, sobre la que me gusta decir que es una cocina cl\u00e1sica y atemporal, al margen de modas, y en la que tambi\u00e9n me permito gui\u00f1os a la sostenibilidad a trav\u00e9s de algunos platos de cocina de aprovechamiento.<\/p>\n<p>&nbsp;<\/p>\n<p>&nbsp;<\/p>\n<p><strong><em>Javier Mu\u00f1oz-Calero<\/em><\/strong><\/p>\n<p><strong><em>Cocinero y propietario de Ovillo<\/em><\/strong>[\/vc_column_text][\/vc_column][\/vc_row][vc_row][vc_column width=\u00bb1\/2&#8243;][\/vc_column][vc_column width=\u00bb1\/2&#8243;][\/vc_column][\/vc_row]<\/p>\n<\/div>","protected":false},"excerpt":{"rendered":"<p>[vc_row css=\u00bb.vc_custom_1599238950162{margin-top: 100px !important;margin-bottom: 100px !important;}\u00bb][vc_column width=\u00bb1\/2&#8243;][vc_column_text css=\u00bb\u00bb] .. .. .. [\/vc_column_text][vc_single_image image=\u00bb2117&#8243; img_size=\u00bbfull\u00bb alignment=\u00bbcenter\u00bb style=\u00bbvc_box_shadow_3d\u00bb onclick=\u00bbzoom\u00bb css_animation=\u00bbfadeIn\u00bb][vc_single_image image=\u00bb2111&#8243; img_size=\u00bblarge\u00bb add_caption=\u00bbyes\u00bb alignment=\u00bbcenter\u00bb style=\u00bbvc_box_shadow_3d\u00bb onclick=\u00bbcustom_link\u00bb img_link_target=\u00bb_blank\u00bb css_animation=\u00bbfadeIn\u00bb link=\u00bbhttps:\/\/www.expansion.com\/fueradeserie\/gastro\/2020\/02\/05\/5e2eeebc468aeb2c668b4588.html\u00bb][vc_single_image image=\u00bb2112&#8243; img_size=\u00bblarge\u00bb add_caption=\u00bbyes\u00bb alignment=\u00bbcenter\u00bb style=\u00bbvc_box_shadow_3d\u00bb onclick=\u00bbcustom_link\u00bb img_link_target=\u00bb_blank\u00bb css_animation=\u00bbfadeIn\u00bb link=\u00bbhttps:\/\/www.alimente.elconfidencial.com\/gastronomia-y-cocina\/2020-02-14\/ovillo-restaurante-en-madrid_2454727\/\u00bb][\/vc_column][vc_column width=\u00bb1\/2&#8243;][vc_single_image image=\u00bb2104&#8243; alignment=\u00bbcenter\u00bb css=\u00bb\u00bb][vc_column_text css=\u00bb\u00bb]..[\/vc_column_text][vc_column_text css=\u00bb\u00bb]Nos gusta pensar que este espacio es m\u00e1s que un restaurante y que las&hellip;<\/p>\n","protected":false},"author":1,"featured_media":0,"parent":0,"menu_order":6,"comment_status":"closed","ping_status":"closed","template":"","meta":{"om_disable_all_campaigns":false,"footnotes":""},"class_list":["post-2106","page","type-page","status-publish","hentry","description-off"],"yoast_head":"<!-- This site is optimized with the Yoast SEO plugin v27.4 - https:\/\/yoast.com\/product\/yoast-seo-wordpress\/ -->\n<title>Sostenibilidad - Ovillo<\/title>\n<meta name=\"robots\" content=\"index, follow, max-snippet:-1, max-image-preview:large, max-video-preview:-1\" \/>\n<link rel=\"canonical\" href=\"https:\/\/www.ovillo.es\/index.php\/sostenibilidad-2\/\" \/>\n<meta property=\"og:locale\" content=\"es_ES\" \/>\n<meta property=\"og:type\" content=\"article\" \/>\n<meta property=\"og:title\" content=\"Sostenibilidad - Ovillo\" \/>\n<meta property=\"og:description\" content=\"[vc_row css=\u00bb.vc_custom_1599238950162{margin-top: 100px !important;margin-bottom: 100px !important;}\u00bb][vc_column width=\u00bb1\/2&#8243;][vc_column_text css=\u00bb\u00bb] .. .. .. [\/vc_column_text][vc_single_image image=\u00bb2117&#8243; img_size=\u00bbfull\u00bb alignment=\u00bbcenter\u00bb style=\u00bbvc_box_shadow_3d\u00bb onclick=\u00bbzoom\u00bb css_animation=\u00bbfadeIn\u00bb][vc_single_image image=\u00bb2111&#8243; img_size=\u00bblarge\u00bb add_caption=\u00bbyes\u00bb alignment=\u00bbcenter\u00bb style=\u00bbvc_box_shadow_3d\u00bb onclick=\u00bbcustom_link\u00bb img_link_target=\u00bb_blank\u00bb css_animation=\u00bbfadeIn\u00bb link=\u00bbhttps:\/\/www.expansion.com\/fueradeserie\/gastro\/2020\/02\/05\/5e2eeebc468aeb2c668b4588.html\u00bb][vc_single_image image=\u00bb2112&#8243; img_size=\u00bblarge\u00bb add_caption=\u00bbyes\u00bb alignment=\u00bbcenter\u00bb style=\u00bbvc_box_shadow_3d\u00bb onclick=\u00bbcustom_link\u00bb img_link_target=\u00bb_blank\u00bb css_animation=\u00bbfadeIn\u00bb link=\u00bbhttps:\/\/www.alimente.elconfidencial.com\/gastronomia-y-cocina\/2020-02-14\/ovillo-restaurante-en-madrid_2454727\/\u00bb][\/vc_column][vc_column width=\u00bb1\/2&#8243;][vc_single_image image=\u00bb2104&#8243; alignment=\u00bbcenter\u00bb css=\u00bb\u00bb][vc_column_text css=\u00bb\u00bb]..[\/vc_column_text][vc_column_text css=\u00bb\u00bb]Nos gusta pensar que este espacio es m\u00e1s que un restaurante y que las&hellip;\" \/>\n<meta property=\"og:url\" content=\"https:\/\/www.ovillo.es\/index.php\/sostenibilidad-2\/\" \/>\n<meta property=\"og:site_name\" content=\"Ovillo\" \/>\n<meta property=\"article:modified_time\" content=\"2024-11-21T10:29:23+00:00\" \/>\n<meta name=\"twitter:card\" content=\"summary_large_image\" \/>\n<meta name=\"twitter:label1\" content=\"Tiempo de lectura\" \/>\n\t<meta name=\"twitter:data1\" content=\"3 minutos\" \/>\n<script type=\"application\/ld+json\" class=\"yoast-schema-graph\">{\"@context\":\"https:\\\/\\\/schema.org\",\"@graph\":[{\"@type\":\"WebPage\",\"@id\":\"https:\\\/\\\/www.ovillo.es\\\/index.php\\\/sostenibilidad-2\\\/\",\"url\":\"https:\\\/\\\/www.ovillo.es\\\/index.php\\\/sostenibilidad-2\\\/\",\"name\":\"Sostenibilidad - Ovillo\",\"isPartOf\":{\"@id\":\"https:\\\/\\\/www.ovillo.es\\\/#website\"},\"datePublished\":\"2020-09-04T13:38:54+00:00\",\"dateModified\":\"2024-11-21T10:29:23+00:00\",\"breadcrumb\":{\"@id\":\"https:\\\/\\\/www.ovillo.es\\\/index.php\\\/sostenibilidad-2\\\/#breadcrumb\"},\"inLanguage\":\"es\",\"potentialAction\":[{\"@type\":\"ReadAction\",\"target\":[\"https:\\\/\\\/www.ovillo.es\\\/index.php\\\/sostenibilidad-2\\\/\"]}]},{\"@type\":\"BreadcrumbList\",\"@id\":\"https:\\\/\\\/www.ovillo.es\\\/index.php\\\/sostenibilidad-2\\\/#breadcrumb\",\"itemListElement\":[{\"@type\":\"ListItem\",\"position\":1,\"name\":\"Home\",\"item\":\"https:\\\/\\\/www.ovillo.es\\\/\"},{\"@type\":\"ListItem\",\"position\":2,\"name\":\"Sostenibilidad\"}]},{\"@type\":\"WebSite\",\"@id\":\"https:\\\/\\\/www.ovillo.es\\\/#website\",\"url\":\"https:\\\/\\\/www.ovillo.es\\\/\",\"name\":\"Ovillo\",\"description\":\"Just another WordPress site\",\"potentialAction\":[{\"@type\":\"SearchAction\",\"target\":{\"@type\":\"EntryPoint\",\"urlTemplate\":\"https:\\\/\\\/www.ovillo.es\\\/?s={search_term_string}\"},\"query-input\":{\"@type\":\"PropertyValueSpecification\",\"valueRequired\":true,\"valueName\":\"search_term_string\"}}],\"inLanguage\":\"es\"}]}<\/script>\n<!-- \/ Yoast SEO plugin. -->","yoast_head_json":{"title":"Sostenibilidad - Ovillo","robots":{"index":"index","follow":"follow","max-snippet":"max-snippet:-1","max-image-preview":"max-image-preview:large","max-video-preview":"max-video-preview:-1"},"canonical":"https:\/\/www.ovillo.es\/index.php\/sostenibilidad-2\/","og_locale":"es_ES","og_type":"article","og_title":"Sostenibilidad - Ovillo","og_description":"[vc_row css=\u00bb.vc_custom_1599238950162{margin-top: 100px !important;margin-bottom: 100px !important;}\u00bb][vc_column width=\u00bb1\/2&#8243;][vc_column_text css=\u00bb\u00bb] .. .. .. [\/vc_column_text][vc_single_image image=\u00bb2117&#8243; img_size=\u00bbfull\u00bb alignment=\u00bbcenter\u00bb style=\u00bbvc_box_shadow_3d\u00bb onclick=\u00bbzoom\u00bb css_animation=\u00bbfadeIn\u00bb][vc_single_image image=\u00bb2111&#8243; img_size=\u00bblarge\u00bb add_caption=\u00bbyes\u00bb alignment=\u00bbcenter\u00bb style=\u00bbvc_box_shadow_3d\u00bb onclick=\u00bbcustom_link\u00bb img_link_target=\u00bb_blank\u00bb css_animation=\u00bbfadeIn\u00bb link=\u00bbhttps:\/\/www.expansion.com\/fueradeserie\/gastro\/2020\/02\/05\/5e2eeebc468aeb2c668b4588.html\u00bb][vc_single_image image=\u00bb2112&#8243; img_size=\u00bblarge\u00bb add_caption=\u00bbyes\u00bb alignment=\u00bbcenter\u00bb style=\u00bbvc_box_shadow_3d\u00bb onclick=\u00bbcustom_link\u00bb img_link_target=\u00bb_blank\u00bb css_animation=\u00bbfadeIn\u00bb link=\u00bbhttps:\/\/www.alimente.elconfidencial.com\/gastronomia-y-cocina\/2020-02-14\/ovillo-restaurante-en-madrid_2454727\/\u00bb][\/vc_column][vc_column width=\u00bb1\/2&#8243;][vc_single_image image=\u00bb2104&#8243; alignment=\u00bbcenter\u00bb css=\u00bb\u00bb][vc_column_text css=\u00bb\u00bb]..[\/vc_column_text][vc_column_text css=\u00bb\u00bb]Nos gusta pensar que este espacio es m\u00e1s que un restaurante y que las&hellip;","og_url":"https:\/\/www.ovillo.es\/index.php\/sostenibilidad-2\/","og_site_name":"Ovillo","article_modified_time":"2024-11-21T10:29:23+00:00","twitter_card":"summary_large_image","twitter_misc":{"Tiempo de lectura":"3 minutos"},"schema":{"@context":"https:\/\/schema.org","@graph":[{"@type":"WebPage","@id":"https:\/\/www.ovillo.es\/index.php\/sostenibilidad-2\/","url":"https:\/\/www.ovillo.es\/index.php\/sostenibilidad-2\/","name":"Sostenibilidad - Ovillo","isPartOf":{"@id":"https:\/\/www.ovillo.es\/#website"},"datePublished":"2020-09-04T13:38:54+00:00","dateModified":"2024-11-21T10:29:23+00:00","breadcrumb":{"@id":"https:\/\/www.ovillo.es\/index.php\/sostenibilidad-2\/#breadcrumb"},"inLanguage":"es","potentialAction":[{"@type":"ReadAction","target":["https:\/\/www.ovillo.es\/index.php\/sostenibilidad-2\/"]}]},{"@type":"BreadcrumbList","@id":"https:\/\/www.ovillo.es\/index.php\/sostenibilidad-2\/#breadcrumb","itemListElement":[{"@type":"ListItem","position":1,"name":"Home","item":"https:\/\/www.ovillo.es\/"},{"@type":"ListItem","position":2,"name":"Sostenibilidad"}]},{"@type":"WebSite","@id":"https:\/\/www.ovillo.es\/#website","url":"https:\/\/www.ovillo.es\/","name":"Ovillo","description":"Just another WordPress site","potentialAction":[{"@type":"SearchAction","target":{"@type":"EntryPoint","urlTemplate":"https:\/\/www.ovillo.es\/?s={search_term_string}"},"query-input":{"@type":"PropertyValueSpecification","valueRequired":true,"valueName":"search_term_string"}}],"inLanguage":"es"}]}},"_links":{"self":[{"href":"https:\/\/www.ovillo.es\/index.php\/wp-json\/wp\/v2\/pages\/2106","targetHints":{"allow":["GET"]}}],"collection":[{"href":"https:\/\/www.ovillo.es\/index.php\/wp-json\/wp\/v2\/pages"}],"about":[{"href":"https:\/\/www.ovillo.es\/index.php\/wp-json\/wp\/v2\/types\/page"}],"author":[{"embeddable":true,"href":"https:\/\/www.ovillo.es\/index.php\/wp-json\/wp\/v2\/users\/1"}],"replies":[{"embeddable":true,"href":"https:\/\/www.ovillo.es\/index.php\/wp-json\/wp\/v2\/comments?post=2106"}],"version-history":[{"count":30,"href":"https:\/\/www.ovillo.es\/index.php\/wp-json\/wp\/v2\/pages\/2106\/revisions"}],"predecessor-version":[{"id":2279,"href":"https:\/\/www.ovillo.es\/index.php\/wp-json\/wp\/v2\/pages\/2106\/revisions\/2279"}],"wp:attachment":[{"href":"https:\/\/www.ovillo.es\/index.php\/wp-json\/wp\/v2\/media?parent=2106"}],"curies":[{"name":"wp","href":"https:\/\/api.w.org\/{rel}","templated":true}]}}